{"id":805,"date":"2023-06-19T14:38:36","date_gmt":"2023-06-19T12:38:36","guid":{"rendered":"https:\/\/emeraudemakeup.fr\/?page_id=805"},"modified":"2023-08-27T15:20:45","modified_gmt":"2023-08-27T13:20:45","slug":"prestations","status":"publish","type":"page","link":"https:\/\/emeraudemakeup.fr\/index.php\/prestations\/","title":{"rendered":"Prestations"},"content":{"rendered":"<p>&nbsp;<\/p>\n<hr \/>\n<h3><em><span style=\"color: #000000;\">Les mariages :<\/span><\/em><\/h3>\n<ul>\n<li><span style=\"color: #339966;\">Essais<\/span> <span style=\"color: #000000;\"><span style=\"color: #339966;\">:<\/span> pour le pour beau jour de votre vie, je vous propose un essai effectu\u00e9 sans le stress et sans une limite de temps afin de vous satisfaire. Nous pouvons l&rsquo;effectuer tranquillement chez vous. Cet essai me permettra d&rsquo;en apprendre davantage sur vos go\u00fbts et vos envies afin de les respecter au mieux.<\/span><br \/>\n<h3><img loading=\"lazy\" decoding=\"async\" class=\"size-full wp-image-1029 alignright\" style=\"font-size: 16px;\" src=\"http:\/\/emeraudemakeup.fr\/wp-content\/uploads\/2023\/08\/telecharger.jpg\" alt=\"\" width=\"275\" height=\"183\" \/><\/h3>\n<\/li>\n<li><span style=\"color: #339966;\">Jour J<\/span> <span style=\"color: #000000;\"><span style=\"color: #339966;\">:<\/span> pour ne pas vous rajouter de stress, je me d\u00e9placerai o\u00f9 vous le souhaitez. Je reproduirai le maquillage qu&rsquo;on se sera mise d&rsquo;accord lors de l&rsquo;essai.<\/span><\/li>\n<li><span style=\"color: #339966;\">Les invit\u00e9s<\/span> <span style=\"color: #000000;\"><span style=\"color: #339966;\">:<\/span> si vous le souhaitez, votre t\u00e9moin\/ demoiselles d&rsquo;honneurs, famille, ami(e)s, peuvent passer entre mes mains afin de passer un moment de d\u00e9tente.<\/span><\/li>\n<\/ul>\n<h3><img loading=\"lazy\" decoding=\"async\" class=\"alignnone wp-image-1012 size-medium\" style=\"font-size: 16px;\" src=\"http:\/\/emeraudemakeup.fr\/wp-content\/uploads\/2023\/08\/Test1-suite-1-T00039-1-scaled-e1693139647494-222x300.jpg\" alt=\"\" width=\"222\" height=\"300\" srcset=\"https:\/\/emeraudemakeup.fr\/wp-content\/uploads\/2023\/08\/Test1-suite-1-T00039-1-scaled-e1693139647494-222x300.jpg 222w, https:\/\/emeraudemakeup.fr\/wp-content\/uploads\/2023\/08\/Test1-suite-1-T00039-1-scaled-e1693139647494-757x1024.jpg 757w, https:\/\/emeraudemakeup.fr\/wp-content\/uploads\/2023\/08\/Test1-suite-1-T00039-1-scaled-e1693139647494-768x1039.jpg 768w, https:\/\/emeraudemakeup.fr\/wp-content\/uploads\/2023\/08\/Test1-suite-1-T00039-1-scaled-e1693139647494-1135x1536.jpg 1135w, https:\/\/emeraudemakeup.fr\/wp-content\/uploads\/2023\/08\/Test1-suite-1-T00039-1-scaled-e1693139647494-1514x2048.jpg 1514w, https:\/\/emeraudemakeup.fr\/wp-content\/uploads\/2023\/08\/Test1-suite-1-T00039-1-scaled-e1693139647494.jpg 1706w\" sizes=\"auto, (max-width: 222px) 100vw, 222px\" \/><img loading=\"lazy\" decoding=\"async\" class=\"alignnone size-medium wp-image-1018\" style=\"font-size: 16px;\" src=\"http:\/\/emeraudemakeup.fr\/wp-content\/uploads\/2023\/08\/Test1-suite-1-T00043-200x300.jpg\" alt=\"\" width=\"200\" height=\"300\" srcset=\"https:\/\/emeraudemakeup.fr\/wp-content\/uploads\/2023\/08\/Test1-suite-1-T00043-200x300.jpg 200w, https:\/\/emeraudemakeup.fr\/wp-content\/uploads\/2023\/08\/Test1-suite-1-T00043-683x1024.jpg 683w, https:\/\/emeraudemakeup.fr\/wp-content\/uploads\/2023\/08\/Test1-suite-1-T00043-768x1152.jpg 768w, https:\/\/emeraudemakeup.fr\/wp-content\/uploads\/2023\/08\/Test1-suite-1-T00043-1024x1536.jpg 1024w, https:\/\/emeraudemakeup.fr\/wp-content\/uploads\/2023\/08\/Test1-suite-1-T00043-1365x2048.jpg 1365w, https:\/\/emeraudemakeup.fr\/wp-content\/uploads\/2023\/08\/Test1-suite-1-T00043-scaled.jpg 1707w\" sizes=\"auto, (max-width: 200px) 100vw, 200px\" \/><\/h3>\n<hr \/>\n<h3><span style=\"color: #000000;\"><em>Les animations enfants :\u00a0<\/em><\/span><\/h3>\n<p><img loading=\"lazy\" decoding=\"async\" class=\"wp-image-1032 size-medium alignright\" style=\"color: #000000;\" src=\"http:\/\/emeraudemakeup.fr\/wp-content\/uploads\/2023\/08\/370308376_1025624025279629_3079081205701180127_n-e1693141656925-300x172.jpg\" alt=\"\" width=\"300\" height=\"172\" srcset=\"https:\/\/emeraudemakeup.fr\/wp-content\/uploads\/2023\/08\/370308376_1025624025279629_3079081205701180127_n-e1693141656925-300x172.jpg 300w, https:\/\/emeraudemakeup.fr\/wp-content\/uploads\/2023\/08\/370308376_1025624025279629_3079081205701180127_n-e1693141656925-768x439.jpg 768w, https:\/\/emeraudemakeup.fr\/wp-content\/uploads\/2023\/08\/370308376_1025624025279629_3079081205701180127_n-e1693141656925.jpg 818w\" sizes=\"auto, (max-width: 300px) 100vw, 300px\" \/><\/p>\n<p><span style=\"color: #000000;\">\u00a0<\/span><\/p>\n<ul>\n<li><span style=\"color: #339966;\">Le mat\u00e9riel<\/span> <span style=\"color: #000000;\"><span style=\"color: #339966;\">:<\/span> pour le bien \u00eatre de vos enfants, j&rsquo;utilise les pr<\/span><span style=\"color: #000000;\">oduits \u00ab\u00a0Grimace\u00a0\u00bb qui sont sans parfum, sans gluten et \u00e0 base d&rsquo;eau. Ils sont aussi tr\u00e8s facile \u00e0 retirer : un peu d&rsquo;eau, du savon et le tour est jou\u00e9 !<\/span><\/li>\n<li><span style=\"color: #339966;\">Le d\u00e9roulement<\/span> <span style=\"color: #000000;\"><span style=\"color: #339966;\">:<\/span> je me d\u00e9place sur le lieu et j&rsquo;arrive 15 minutes en avance afin de me pr\u00e9senter et de m&rsquo;installer. Une table, deux chaises ou un banc sont n\u00e9cessaires pour effectuer la prestation. Un maquillage enfant est r\u00e9alis\u00e9 entre 3 et 10 minutes.\u00a0<\/span><\/li>\n<\/ul>\n<p><span style=\"color: #000000;\"><img loading=\"lazy\" decoding=\"async\" class=\"size-medium wp-image-1034 alignright\" src=\"http:\/\/emeraudemakeup.fr\/wp-content\/uploads\/2023\/08\/371926601_809928610613808_2788850595514128638_n-300x258.jpg\" alt=\"\" width=\"300\" height=\"258\" srcset=\"https:\/\/emeraudemakeup.fr\/wp-content\/uploads\/2023\/08\/371926601_809928610613808_2788850595514128638_n-300x258.jpg 300w, https:\/\/emeraudemakeup.fr\/wp-content\/uploads\/2023\/08\/371926601_809928610613808_2788850595514128638_n-768x659.jpg 768w, https:\/\/emeraudemakeup.fr\/wp-content\/uploads\/2023\/08\/371926601_809928610613808_2788850595514128638_n.jpg 828w\" sizes=\"auto, (max-width: 300px) 100vw, 300px\" \/><br \/>\n<\/span><\/p>\n<ul>\n<li><span style=\"color: #339966;\">En fonction de l&rsquo;\u00e2ge<\/span> <span style=\"color: #000000;\"><span style=\"color: #339966;\">:<\/span> pour les enfants de plus de 3 ans, des maquillages sur l&rsquo;ensemble du visage sont r\u00e9alisable. Pour les plus petits, des pochoirs seront propos\u00e9s sur la zone corporelle choisie.<\/span><\/li>\n<\/ul>\n<p>&nbsp;<\/p>\n<p>&nbsp;<\/p>\n<p>&nbsp;<\/p>\n<hr \/>\n<h3><span style=\"color: #000000;\"><em>Le bar \u00e0 paillettes :<\/em><\/span><\/h3>\n<ul>\n<li><span style=\"color: #339966;\">C&rsquo;est quoi ?<\/span> U<span style=\"color: #000000;\">n tatouage \u00e9ph\u00e9m\u00e8re effectu\u00e9 avec un pochoir de votre choix et des paillettes.\u00a0<\/span><\/li>\n<li><span style=\"color: #339966;\">Le d\u00e9roulement<\/span>\u00a0<span style=\"color: #339966;\">: <\/span><span style=\"color: #000000;\">je me d\u00e9place sur le lieu et j&rsquo;arrive 15 minutes en avance afin de me pr\u00e9senter et de m&rsquo;installer. Une table, deux chaises ou un banc\u00a0sont n\u00e9cessaires pour effectuer la prestation.\u00a0\u00a0<\/span><\/li>\n<\/ul>\n<hr \/>\n<h3><em><span style=\"color: #000000;\">Les cours d&rsquo;auto-maquillage :<\/span> <\/em><\/h3>\n<p><span style=\"color: #000000;\">regarder des tuto et vid\u00e9os ne suffisent parfois pas, <\/span><span style=\"color: #000000;\">votre patience est mise \u00e0 l&rsquo;\u00e9preuve. Je connais ce sentiment et c&rsquo;est pour cela que je vous propose mon aide, et ma technique.<\/span><\/p>\n<ul>\n<li><span style=\"color: #000000;\"><span style=\"color: #008000;\">Le d\u00e9roulement<\/span> : je viens a votre domicile, on s&rsquo;installera devant un miroir. Si vous \u00eates d\u00e9butante dans le maquillage nous pouvons voir les bases, l&rsquo;utilit\u00e9 des diff\u00e9rents pinceaux et meme vous apprendre un look que vous avez toujours d\u00e9sir\u00e9. Et si vous vous sentez d&rsquo;un niveau au dessus, on pourra voir pour des techniques plus \u00e9labor\u00e9es. Dans les deux cas, ce moment est fait pour vous faire du bien et pour qu&rsquo;il vous soit b\u00e9n\u00e9fique. \u00a0Le cours se d\u00e9roulera en deux \u00e9tapes :\u00a0 Je vous montre et vous explique la technique\u00a0 sur la\u00a0 moiti\u00e9 du visage ou sur un \u0153il et je vous guide pour l&rsquo;autre \u0153il ou l&rsquo;autre moiti\u00e9.<\/span><\/li>\n<li><span style=\"color: #008000;\">le mat\u00e9riel<\/span> <span style=\"color: #008000;\">:<\/span> <span style=\"color: #000000;\">nous verrons votre mat\u00e9riel ensemble afin de trouver un maquillage qui vous plait sans forcement acheter de nouveaux produits. Puis je pourrais vous montrer mon mat\u00e9riel.<\/span><\/li>\n<\/ul>\n<p><img loading=\"lazy\" decoding=\"async\" class=\"alignnone size-medium wp-image-1006\" src=\"http:\/\/emeraudemakeup.fr\/wp-content\/uploads\/2023\/08\/masters-peps00181-1-300x200.jpg\" alt=\"\" width=\"300\" height=\"200\" srcset=\"https:\/\/emeraudemakeup.fr\/wp-content\/uploads\/2023\/08\/masters-peps00181-1-300x200.jpg 300w, https:\/\/emeraudemakeup.fr\/wp-content\/uploads\/2023\/08\/masters-peps00181-1-1024x683.jpg 1024w, https:\/\/emeraudemakeup.fr\/wp-content\/uploads\/2023\/08\/masters-peps00181-1-768x512.jpg 768w, https:\/\/emeraudemakeup.fr\/wp-content\/uploads\/2023\/08\/masters-peps00181-1-1536x1024.jpg 1536w, https:\/\/emeraudemakeup.fr\/wp-content\/uploads\/2023\/08\/masters-peps00181-1-2048x1365.jpg 2048w\" sizes=\"auto, (max-width: 300px) 100vw, 300px\" \/><img loading=\"lazy\" decoding=\"async\" class=\"alignnone size-medium wp-image-1015\" src=\"http:\/\/emeraudemakeup.fr\/wp-content\/uploads\/2023\/08\/masters-peps00196-300x200.jpg\" alt=\"\" width=\"300\" height=\"200\" srcset=\"https:\/\/emeraudemakeup.fr\/wp-content\/uploads\/2023\/08\/masters-peps00196-300x200.jpg 300w, https:\/\/emeraudemakeup.fr\/wp-content\/uploads\/2023\/08\/masters-peps00196-1024x683.jpg 1024w, https:\/\/emeraudemakeup.fr\/wp-content\/uploads\/2023\/08\/masters-peps00196-768x512.jpg 768w, https:\/\/emeraudemakeup.fr\/wp-content\/uploads\/2023\/08\/masters-peps00196-1536x1024.jpg 1536w, https:\/\/emeraudemakeup.fr\/wp-content\/uploads\/2023\/08\/masters-peps00196-2048x1365.jpg 2048w\" sizes=\"auto, (max-width: 300px) 100vw, 300px\" \/><img loading=\"lazy\" decoding=\"async\" class=\"alignnone wp-image-1016 \" src=\"http:\/\/emeraudemakeup.fr\/wp-content\/uploads\/2023\/08\/pearlite01295-scaled-e1693140241492-231x300.jpg\" alt=\"\" width=\"154\" height=\"200\" srcset=\"https:\/\/emeraudemakeup.fr\/wp-content\/uploads\/2023\/08\/pearlite01295-scaled-e1693140241492-231x300.jpg 231w, https:\/\/emeraudemakeup.fr\/wp-content\/uploads\/2023\/08\/pearlite01295-scaled-e1693140241492-788x1024.jpg 788w, https:\/\/emeraudemakeup.fr\/wp-content\/uploads\/2023\/08\/pearlite01295-scaled-e1693140241492-768x998.jpg 768w, https:\/\/emeraudemakeup.fr\/wp-content\/uploads\/2023\/08\/pearlite01295-scaled-e1693140241492-1181x1536.jpg 1181w, https:\/\/emeraudemakeup.fr\/wp-content\/uploads\/2023\/08\/pearlite01295-scaled-e1693140241492-1575x2048.jpg 1575w, https:\/\/emeraudemakeup.fr\/wp-content\/uploads\/2023\/08\/pearlite01295-scaled-e1693140241492.jpg 1693w\" sizes=\"auto, (max-width: 154px) 100vw, 154px\" \/><img loading=\"lazy\" decoding=\"async\" class=\"alignnone size-medium wp-image-1020\" src=\"http:\/\/emeraudemakeup.fr\/wp-content\/uploads\/2023\/08\/Master-session-du-2-mai02492-300x200.jpg\" alt=\"\" width=\"300\" height=\"200\" srcset=\"https:\/\/emeraudemakeup.fr\/wp-content\/uploads\/2023\/08\/Master-session-du-2-mai02492-300x200.jpg 300w, https:\/\/emeraudemakeup.fr\/wp-content\/uploads\/2023\/08\/Master-session-du-2-mai02492-1024x683.jpg 1024w, https:\/\/emeraudemakeup.fr\/wp-content\/uploads\/2023\/08\/Master-session-du-2-mai02492-768x512.jpg 768w, https:\/\/emeraudemakeup.fr\/wp-content\/uploads\/2023\/08\/Master-session-du-2-mai02492-1536x1024.jpg 1536w, https:\/\/emeraudemakeup.fr\/wp-content\/uploads\/2023\/08\/Master-session-du-2-mai02492.jpg 1620w\" sizes=\"auto, (max-width: 300px) 100vw, 300px\" \/><\/p>\n","protected":false},"excerpt":{"rendered":"<p>&nbsp; Les mariages : Essais : pour le pour beau jour de votre vie, je vous propose un essai effectu\u00e9 sans le stress et sans une limite de temps afin de vous satisfaire. Nous pouvons l&rsquo;effectuer tranquillement chez vous. Cet essai me permettra d&rsquo;en apprendre davantage sur vos go\u00fbts et vos envies afin de les<\/p>\n<div class=\"text-left\"><a class=\"btn btn-main btn-lg\" href=\"https:\/\/emeraudemakeup.fr\/index.php\/prestations\/\" >READ MORE<\/a><\/div>\n","protected":false},"author":1,"featured_media":1012,"parent":0,"menu_order":0,"comment_status":"closed","ping_status":"closed","template":"","meta":{"footnotes":""},"class_list":["post-805","page","type-page","status-publish","has-post-thumbnail","hentry","blog-item"],"_links":{"self":[{"href":"https:\/\/emeraudemakeup.fr\/index.php\/wp-json\/wp\/v2\/pages\/805","targetHints":{"allow":["GET"]}}],"collection":[{"href":"https:\/\/emeraudemakeup.fr\/index.php\/wp-json\/wp\/v2\/pages"}],"about":[{"href":"https:\/\/emeraudemakeup.fr\/index.php\/wp-json\/wp\/v2\/types\/page"}],"author":[{"embeddable":true,"href":"https:\/\/emeraudemakeup.fr\/index.php\/wp-json\/wp\/v2\/users\/1"}],"replies":[{"embeddable":true,"href":"https:\/\/emeraudemakeup.fr\/index.php\/wp-json\/wp\/v2\/comments?post=805"}],"version-history":[{"count":43,"href":"https:\/\/emeraudemakeup.fr\/index.php\/wp-json\/wp\/v2\/pages\/805\/revisions"}],"predecessor-version":[{"id":1044,"href":"https:\/\/emeraudemakeup.fr\/index.php\/wp-json\/wp\/v2\/pages\/805\/revisions\/1044"}],"wp:featuredmedia":[{"embeddable":true,"href":"https:\/\/emeraudemakeup.fr\/index.php\/wp-json\/wp\/v2\/media\/1012"}],"wp:attachment":[{"href":"https:\/\/emeraudemakeup.fr\/index.php\/wp-json\/wp\/v2\/media?parent=805"}],"curies":[{"name":"wp","href":"https:\/\/api.w.org\/{rel}","templated":true}]}}