{"id":803,"date":"2023-06-19T14:38:19","date_gmt":"2023-06-19T12:38:19","guid":{"rendered":"https:\/\/emeraudemakeup.fr\/?page_id=803"},"modified":"2023-08-27T15:10:31","modified_gmt":"2023-08-27T13:10:31","slug":"presentation","status":"publish","type":"page","link":"https:\/\/emeraudemakeup.fr\/index.php\/presentation\/","title":{"rendered":"Pr\u00e9sentation"},"content":{"rendered":"<p><span style=\"color: #000000;\">Je m&rsquo;appelle Clairlise HUBERTUS et depuis l&rsquo;enfance je suis passionn\u00e9e p<\/span><span style=\"color: #000000;\">ar le maquillage.<\/span><span style=\"color: #000000;\">En 2022, j&rsquo;ai d\u00e9cid\u00e9 de suivre une formation chez <\/span><em style=\"color: #000000;\">Candice Mack<\/em><span style=\"color: #000000;\"> \u00e0 Strasbourg.<\/span><\/p>\n<p><span style=\"color: #000000;\">Dans cette \u00e9cole, j&rsquo;ai pu acqu\u00e9rir de nombreuses connaissances \/ comp\u00e9tences techniques dans :<\/span><\/p>\n<p><img loading=\"lazy\" decoding=\"async\" class=\"alignright wp-image-957\" style=\"color: #000000;\" src=\"http:\/\/emeraudemakeup.fr\/wp-content\/uploads\/2023\/08\/353092862_642971997333881_2552729405839147352_n-300x216.jpg\" alt=\"\" width=\"281\" height=\"202\" srcset=\"https:\/\/emeraudemakeup.fr\/wp-content\/uploads\/2023\/08\/353092862_642971997333881_2552729405839147352_n-300x216.jpg 300w, https:\/\/emeraudemakeup.fr\/wp-content\/uploads\/2023\/08\/353092862_642971997333881_2552729405839147352_n-1024x737.jpg 1024w, https:\/\/emeraudemakeup.fr\/wp-content\/uploads\/2023\/08\/353092862_642971997333881_2552729405839147352_n-768x553.jpg 768w, https:\/\/emeraudemakeup.fr\/wp-content\/uploads\/2023\/08\/353092862_642971997333881_2552729405839147352_n-1536x1106.jpg 1536w, https:\/\/emeraudemakeup.fr\/wp-content\/uploads\/2023\/08\/353092862_642971997333881_2552729405839147352_n-2048x1475.jpg 2048w\" sizes=\"auto, (max-width: 281px) 100vw, 281px\" \/><\/p>\n<ul>\n<li><span style=\"color: #000000;\">les maquillages beaut\u00e9s\/ mari\u00e9e,<\/span><\/li>\n<li><span style=\"color: #000000;\"><img loading=\"lazy\" decoding=\"async\" class=\"alignright wp-image-977\" src=\"http:\/\/emeraudemakeup.fr\/wp-content\/uploads\/2023\/08\/352634802_1284834972129266_819594559044047951_n-251x300.jpg\" alt=\"\" width=\"165\" height=\"197\" srcset=\"https:\/\/emeraudemakeup.fr\/wp-content\/uploads\/2023\/08\/352634802_1284834972129266_819594559044047951_n-251x300.jpg 251w, https:\/\/emeraudemakeup.fr\/wp-content\/uploads\/2023\/08\/352634802_1284834972129266_819594559044047951_n-857x1024.jpg 857w, https:\/\/emeraudemakeup.fr\/wp-content\/uploads\/2023\/08\/352634802_1284834972129266_819594559044047951_n-768x918.jpg 768w, https:\/\/emeraudemakeup.fr\/wp-content\/uploads\/2023\/08\/352634802_1284834972129266_819594559044047951_n-1285x1536.jpg 1285w, https:\/\/emeraudemakeup.fr\/wp-content\/uploads\/2023\/08\/352634802_1284834972129266_819594559044047951_n-1714x2048.jpg 1714w\" sizes=\"auto, (max-width: 165px) 100vw, 165px\" \/>les maquillages artistiques,<\/span><\/li>\n<li><span style=\"color: #000000;\">les maquillages de sc\u00e8nes,<\/span><img loading=\"lazy\" decoding=\"async\" class=\"alignright wp-image-978\" style=\"color: #000000;\" src=\"http:\/\/emeraudemakeup.fr\/wp-content\/uploads\/2023\/08\/352820819_802539557890319_6456828436893938793_n-200x300.jpg\" alt=\"\" width=\"161\" height=\"242\" srcset=\"https:\/\/emeraudemakeup.fr\/wp-content\/uploads\/2023\/08\/352820819_802539557890319_6456828436893938793_n-200x300.jpg 200w, https:\/\/emeraudemakeup.fr\/wp-content\/uploads\/2023\/08\/352820819_802539557890319_6456828436893938793_n-683x1024.jpg 683w, https:\/\/emeraudemakeup.fr\/wp-content\/uploads\/2023\/08\/352820819_802539557890319_6456828436893938793_n-768x1152.jpg 768w, https:\/\/emeraudemakeup.fr\/wp-content\/uploads\/2023\/08\/352820819_802539557890319_6456828436893938793_n-1024x1536.jpg 1024w, https:\/\/emeraudemakeup.fr\/wp-content\/uploads\/2023\/08\/352820819_802539557890319_6456828436893938793_n.jpg 1200w\" sizes=\"auto, (max-width: 161px) 100vw, 161px\" \/><\/li>\n<li><span style=\"color: #000000;\">les effets sp\u00e9ciaux,<\/span><\/li>\n<li><span style=\"color: #000000;\">le bodypainting,<\/span><\/li>\n<li><span style=\"color: #000000;\">les maquillages enfants.\u00a0 \u00a0 \u00a0 \u00a0 \u00a0<\/span><\/li>\n<\/ul>\n<p><!--more--><\/p>\n<p>&nbsp;<\/p>\n<p>&nbsp;<\/p>\n<p>&nbsp;<\/p>\n<p>&nbsp;<\/p>\n<p><span style=\"color: #000000;\">Voici quelques exemples de mes e<\/span><span style=\"color: #000000;\">xp\u00e9riences dans le maquillage :<\/span><\/p>\n<ul>\n<li><span style=\"color: #000000;\"><strong>maquillages enfants<\/strong> : C<em>arnaval<\/em> (ville de Hoerdt), C<em>entre socio-culturel de Neudorf<\/em>, S<em>oci\u00e9t\u00e9 Dascher<\/em> (Bas Rhin), <em>Borgwarner\u00a0<\/em> (Bascharage au Luxembourg), F<em>estival\u00a0 \u00ab\u00a0tous en f\u00eate\u00a0\u00bb\u00a0<\/em> (Tucquegnieux)\u2026<\/span><\/li>\n<li><span style=\"color: #000000;\"><strong>maquillages beaut\u00e9 sur des d\u00e9fil\u00e9s\u00a0<\/strong> : <em>Lady Misticri dark fashion<\/em> ( Strasbourg), <em>UNEC d\u00e9fil\u00e9 coiffure<\/em>\u00a0 (Saverne), C<em>abaret de la clandestine Luna Moka<\/em> (Oberhausbergen), C<em>lub photo PCCA<\/em> (Wolfisheim).<\/span><strong style=\"color: #000000;\"><img loading=\"lazy\" decoding=\"async\" class=\"alignright wp-image-964\" style=\"color: #333333; font-weight: 400;\" src=\"http:\/\/emeraudemakeup.fr\/wp-content\/uploads\/2023\/08\/353071935_207768625512491_7694046760888886683_n-300x203.jpg\" alt=\"\" width=\"339\" height=\"229\" srcset=\"https:\/\/emeraudemakeup.fr\/wp-content\/uploads\/2023\/08\/353071935_207768625512491_7694046760888886683_n-300x203.jpg 300w, https:\/\/emeraudemakeup.fr\/wp-content\/uploads\/2023\/08\/353071935_207768625512491_7694046760888886683_n-1024x692.jpg 1024w, https:\/\/emeraudemakeup.fr\/wp-content\/uploads\/2023\/08\/353071935_207768625512491_7694046760888886683_n-768x519.jpg 768w, https:\/\/emeraudemakeup.fr\/wp-content\/uploads\/2023\/08\/353071935_207768625512491_7694046760888886683_n.jpg 1523w\" sizes=\"auto, (max-width: 339px) 100vw, 339px\" \/><\/strong><\/li>\n<li><span style=\"color: #000000;\"><strong>maquillages FX\/ halloween<\/strong> :<em> la course\u00a0Zombie in the Dark<\/em> (Neuf-Brisach), boite de nuit <em>Kiss club<\/em> (Kehl), <em>le restaurant comptoir d&rsquo;Eug\u00e8nes<\/em> (Strasbourg).<\/span><\/li>\n<li><span style=\"color: #000000;\"><strong>participation \u00e9v\u00e8nement<\/strong> : Le <em>ballet nautique<\/em> ( Schiltigheim), F<em>estival Rock&amp;Jive<\/em> (Illkirch).<\/span><\/li>\n<\/ul>\n<p><span style=\"color: #000000;\">\u00a0 \u00a0 \u00a0 \u00a0 \u00a0 \u00a0 <img loading=\"lazy\" decoding=\"async\" class=\"alignnone size-medium wp-image-998\" src=\"http:\/\/emeraudemakeup.fr\/wp-content\/uploads\/2023\/08\/352674996_2184296435097032_8693245039531089052_n-2-225x300.jpg\" alt=\"\" width=\"225\" height=\"300\" srcset=\"https:\/\/emeraudemakeup.fr\/wp-content\/uploads\/2023\/08\/352674996_2184296435097032_8693245039531089052_n-2-225x300.jpg 225w, https:\/\/emeraudemakeup.fr\/wp-content\/uploads\/2023\/08\/352674996_2184296435097032_8693245039531089052_n-2.jpg 768w\" sizes=\"auto, (max-width: 225px) 100vw, 225px\" \/>\u00a0 \u00a0 \u00a0 \u00a0 \u00a0<img loading=\"lazy\" decoding=\"async\" class=\"wp-image-962 alignleft\" src=\"http:\/\/emeraudemakeup.fr\/wp-content\/uploads\/2023\/08\/353163611_641876664522336_6271147567019136789_n-1-225x300.jpg\" alt=\"\" width=\"230\" height=\"307\" srcset=\"https:\/\/emeraudemakeup.fr\/wp-content\/uploads\/2023\/08\/353163611_641876664522336_6271147567019136789_n-1-225x300.jpg 225w, https:\/\/emeraudemakeup.fr\/wp-content\/uploads\/2023\/08\/353163611_641876664522336_6271147567019136789_n-1-768x1024.jpg 768w, https:\/\/emeraudemakeup.fr\/wp-content\/uploads\/2023\/08\/353163611_641876664522336_6271147567019136789_n-1-1152x1536.jpg 1152w, https:\/\/emeraudemakeup.fr\/wp-content\/uploads\/2023\/08\/353163611_641876664522336_6271147567019136789_n-1.jpg 1200w\" sizes=\"auto, (max-width: 230px) 100vw, 230px\" \/><\/span><\/p>\n<p>&nbsp;<\/p>\n<p>&nbsp;<\/p>\n<p><span style=\"color: #000000;\">Apres avoir \u00e9t\u00e9 dipl\u00f4m\u00e9, j&rsquo;ai\u00a0 d\u00e9cid\u00e9 d&rsquo;ouvrir ma micro entreprise \u00ab\u00a0\u00e9meraude\u00a0\u00bb. Parce que cette pierre \u00ab\u00a0gu\u00e9rit le c\u0153ur avec douceur et assurance\u00a0\u00bb tout comme le maquillage. <\/span><\/p>\n<p>&nbsp;<\/p>\n<p><span style=\"color: #000000;\"><img loading=\"lazy\" decoding=\"async\" class=\"size-medium wp-image-1033 aligncenter\" src=\"http:\/\/emeraudemakeup.fr\/wp-content\/uploads\/2023\/08\/370346735_273777008743256_5168579027594718585_n-252x300.jpg\" alt=\"\" width=\"252\" height=\"300\" srcset=\"https:\/\/emeraudemakeup.fr\/wp-content\/uploads\/2023\/08\/370346735_273777008743256_5168579027594718585_n-252x300.jpg 252w, https:\/\/emeraudemakeup.fr\/wp-content\/uploads\/2023\/08\/370346735_273777008743256_5168579027594718585_n-768x915.jpg 768w, https:\/\/emeraudemakeup.fr\/wp-content\/uploads\/2023\/08\/370346735_273777008743256_5168579027594718585_n.jpg 828w\" sizes=\"auto, (max-width: 252px) 100vw, 252px\" \/><\/span><\/p>\n<p>&nbsp;<\/p>\n<p>&nbsp;<\/p>\n<p>&nbsp;<\/p>\n","protected":false},"excerpt":{"rendered":"<p>Je m&rsquo;appelle Clairlise HUBERTUS et depuis l&rsquo;enfance je suis passionn\u00e9e par le maquillage.En 2022, j&rsquo;ai d\u00e9cid\u00e9 de suivre une formation chez Candice Mack \u00e0 Strasbourg. Dans cette \u00e9cole, j&rsquo;ai pu acqu\u00e9rir de nombreuses connaissances \/ comp\u00e9tences techniques dans : les maquillages beaut\u00e9s\/ mari\u00e9e, les maquillages artistiques, les maquillages de sc\u00e8nes, les effets sp\u00e9ciaux, le bodypainting,<\/p>\n<div class=\"text-left\"><a class=\"btn btn-main btn-lg\" href=\"https:\/\/emeraudemakeup.fr\/index.php\/presentation\/\" >READ MORE<\/a><\/div>\n","protected":false},"author":1,"featured_media":1004,"parent":0,"menu_order":0,"comment_status":"closed","ping_status":"closed","template":"","meta":{"footnotes":""},"class_list":["post-803","page","type-page","status-publish","has-post-thumbnail","hentry","blog-item"],"_links":{"self":[{"href":"https:\/\/emeraudemakeup.fr\/index.php\/wp-json\/wp\/v2\/pages\/803","targetHints":{"allow":["GET"]}}],"collection":[{"href":"https:\/\/emeraudemakeup.fr\/index.php\/wp-json\/wp\/v2\/pages"}],"about":[{"href":"https:\/\/emeraudemakeup.fr\/index.php\/wp-json\/wp\/v2\/types\/page"}],"author":[{"embeddable":true,"href":"https:\/\/emeraudemakeup.fr\/index.php\/wp-json\/wp\/v2\/users\/1"}],"replies":[{"embeddable":true,"href":"https:\/\/emeraudemakeup.fr\/index.php\/wp-json\/wp\/v2\/comments?post=803"}],"version-history":[{"count":44,"href":"https:\/\/emeraudemakeup.fr\/index.php\/wp-json\/wp\/v2\/pages\/803\/revisions"}],"predecessor-version":[{"id":1040,"href":"https:\/\/emeraudemakeup.fr\/index.php\/wp-json\/wp\/v2\/pages\/803\/revisions\/1040"}],"wp:featuredmedia":[{"embeddable":true,"href":"https:\/\/emeraudemakeup.fr\/index.php\/wp-json\/wp\/v2\/media\/1004"}],"wp:attachment":[{"href":"https:\/\/emeraudemakeup.fr\/index.php\/wp-json\/wp\/v2\/media?parent=803"}],"curies":[{"name":"wp","href":"https:\/\/api.w.org\/{rel}","templated":true}]}}