{"id":2,"date":"2023-06-07T10:59:40","date_gmt":"2023-06-07T08:59:40","guid":{"rendered":"http:\/\/emeraudemakeup.fr\/?page_id=2"},"modified":"2023-08-27T14:08:21","modified_gmt":"2023-08-27T12:08:21","slug":"page-d-exemple","status":"publish","type":"page","link":"https:\/\/emeraudemakeup.fr\/","title":{"rendered":"Accueil Emeraude Makeup"},"content":{"rendered":"<p>[vc_row][vc_column]<section class=\"home bg mask dark  op2 parallax\" data-background=\"https:\/\/emeraudemakeup.fr\/wp-content\/uploads\/2023\/06\/IMG_33531826.jpg\"><div class=\"js-height-100\"><div class=\"home-content-center\"><div class=\"home-block pr20 pl20\"><div class=\"home-text lines-home\"><div class=\"home-mask bg-mask dark op2\"><\/div><h1 class=\"home-title\">Emeraude<\/h1><h2 class=\"home-subtitle\">MAKEUP<\/h2><div class=\"line-home line-top\"><\/div><div class=\"line-home line-right\"><\/div><div class=\"line-home line-bottom\"><\/div><div class=\"line-home line-left\"><\/div><div class=\"line-home-hover line-top\"><\/div><div class=\"line-home-hover line-right\"><\/div><div class=\"line-home-hover line-bottom\"><\/div><div class=\"line-home-hover line-left\"><\/div><\/div><\/div><\/div><\/div><div class=\"scroll-info\"><\/div><\/section>[vc_column_text]<\/p>\n<p>Dipl\u00f4m\u00e9e en tant que Maquilleuse professionnelle, je vous propose mes diff\u00e9rents services ( cours d&rsquo;auto maquillage, maquillage enfants, mariage, shooting, d\u00e9fil\u00e9s, FX\u2026).<\/p>\n<p>Je suis situ\u00e9e dans le 57 mais j&rsquo;effectue des d\u00e9placements.[\/vc_column_text][\/vc_column][\/vc_row][vc_row][vc_column][\/vc_column][\/vc_row][vc_row][vc_column][\/vc_column][\/vc_row]<\/p>\n","protected":false},"excerpt":{"rendered":"<p>[vc_row][vc_column][vc_column_text] Dipl\u00f4m\u00e9e en tant que Maquilleuse professionnelle, je vous propose mes diff\u00e9rents services ( cours d&rsquo;auto maquillage, maquillage enfants, mariage, shooting, d\u00e9fil\u00e9s, FX\u2026). Je suis situ\u00e9e dans le 57 mais j&rsquo;effectue des d\u00e9placements.[\/vc_column_text][\/vc_column][\/vc_row][vc_row][vc_column][\/vc_column][\/vc_row][vc_row][vc_column][\/vc_column][\/vc_row]<\/p>\n","protected":false},"author":1,"featured_media":0,"parent":0,"menu_order":0,"comment_status":"closed","ping_status":"closed","template":"","meta":{"footnotes":""},"class_list":["post-2","page","type-page","status-publish","hentry","blog-item"],"_links":{"self":[{"href":"https:\/\/emeraudemakeup.fr\/index.php\/wp-json\/wp\/v2\/pages\/2","targetHints":{"allow":["GET"]}}],"collection":[{"href":"https:\/\/emeraudemakeup.fr\/index.php\/wp-json\/wp\/v2\/pages"}],"about":[{"href":"https:\/\/emeraudemakeup.fr\/index.php\/wp-json\/wp\/v2\/types\/page"}],"author":[{"embeddable":true,"href":"https:\/\/emeraudemakeup.fr\/index.php\/wp-json\/wp\/v2\/users\/1"}],"replies":[{"embeddable":true,"href":"https:\/\/emeraudemakeup.fr\/index.php\/wp-json\/wp\/v2\/comments?post=2"}],"version-history":[{"count":21,"href":"https:\/\/emeraudemakeup.fr\/index.php\/wp-json\/wp\/v2\/pages\/2\/revisions"}],"predecessor-version":[{"id":990,"href":"https:\/\/emeraudemakeup.fr\/index.php\/wp-json\/wp\/v2\/pages\/2\/revisions\/990"}],"wp:attachment":[{"href":"https:\/\/emeraudemakeup.fr\/index.php\/wp-json\/wp\/v2\/media?parent=2"}],"curies":[{"name":"wp","href":"https:\/\/api.w.org\/{rel}","templated":true}]}}